{"id":2,"date":"2019-03-29T17:01:26","date_gmt":"2019-03-29T16:01:26","guid":{"rendered":"http:\/\/lacabanedanslesvignes.com\/?page_id=2"},"modified":"2024-05-06T20:06:28","modified_gmt":"2024-05-06T18:06:28","slug":"locations-evenements-prives","status":"publish","type":"page","link":"https:\/\/lacabanedanslesvignes.com\/index.php\/locations-evenements-prives\/","title":{"rendered":"Locations pour \u00e9v\u00e9nements"},"content":{"rendered":"\n<figure class=\"wp-block-image\"><img loading=\"lazy\" decoding=\"async\" width=\"1024\" height=\"768\" src=\"http:\/\/lacabanedanslesvignes.com\/wp-content\/uploads\/2019\/04\/IMG_5532-1-1024x768.jpg\" alt=\"\" class=\"wp-image-64\" srcset=\"https:\/\/lacabanedanslesvignes.com\/wp-content\/uploads\/2019\/04\/IMG_5532-1-1024x768.jpg 1024w, https:\/\/lacabanedanslesvignes.com\/wp-content\/uploads\/2019\/04\/IMG_5532-1-600x450.jpg 600w, https:\/\/lacabanedanslesvignes.com\/wp-content\/uploads\/2019\/04\/IMG_5532-1-300x225.jpg 300w, https:\/\/lacabanedanslesvignes.com\/wp-content\/uploads\/2019\/04\/IMG_5532-1-768x576.jpg 768w, https:\/\/lacabanedanslesvignes.com\/wp-content\/uploads\/2019\/04\/IMG_5532-1.jpg 1600w\" sizes=\"(max-width: 1024px) 100vw, 1024px\" \/><\/figure>\n\n\n\n<p><\/p>\n\n\n\n<p class=\"has-text-align-center\">Envie de marquer un jour important de votre vie en le vivant dans un endroit unique? <\/p>\n\n\n\n<p class=\"has-text-align-center\">Vous cherchez une salle atypique pour organiser un s\u00e9minaire ou une journ\u00e9e de travail?<\/p>\n\n\n\n<p class=\"has-text-align-center\">Louez la Cabane pour la journ\u00e9e, une soir\u00e9e ou bien les deux, <\/p>\n\n\n\n<p class=\"has-text-align-center\">pour un anniversaire, un mariage, ou pour tout autre \u00e9v\u00e9nement<\/p>\n\n\n\n<p class=\"has-text-align-center\">capacit\u00e9: 20 personnes assises, 50 personnes debout<\/p>\n\n\n\n<p class=\"has-text-align-center\">Pour faire une demande de location et obtenir des informations sur la privatisation de la cabane :<br><\/p>\n\n\n\n<div class=\"wp-block-button aligncenter\"><a class=\"wp-block-button__link wp-element-button\" href=\"\">Contactez-nous<\/a><\/div>\n\n\n\n<p><\/p>\n","protected":false},"excerpt":{"rendered":"<p>Envie de marquer un jour important de votre vie en le vivant dans un endroit unique? Vous cherchez une salle atypique pour organiser un s\u00e9minaire ou une journ\u00e9e de travail? Louez la Cabane pour la journ\u00e9e, une soir\u00e9e ou bien les deux, pour un anniversaire, un mariage, ou pour tout autre \u00e9v\u00e9nement capacit\u00e9: 20 personnes<span class=\"read-more-wrap\"><a class=\"moretag\" href=\"https:\/\/lacabanedanslesvignes.com\/index.php\/locations-evenements-prives\/\">Lire la suite<span class=\"screen-reader-text\">Locations pour \u00e9v\u00e9nements<\/span><\/a><\/span><\/p>\n","protected":false},"author":1,"featured_media":0,"parent":0,"menu_order":0,"comment_status":"closed","ping_status":"open","template":"template-fullwidth.php","meta":{"_exactmetrics_skip_tracking":false,"_exactmetrics_sitenote_active":false,"_exactmetrics_sitenote_note":"","_exactmetrics_sitenote_category":0,"footnotes":""},"yoast_head":"<!-- This site is optimized with the Yoast SEO plugin v22.3 - https:\/\/yoast.com\/wordpress\/plugins\/seo\/ -->\n<title>Locations pour \u00e9v\u00e9nements - La Cabane dans les Vignes<\/title>\n<meta name=\"description\" content=\"Envie de marquer un jour important de votre vie en le vivant dans un endroit unique? Vous cherchez une salle unique pour organiser un s\u00e9minaire ou une journ\u00e9e de travail? Louez la Cabane pour la journ\u00e9e, une soir\u00e9e, pour un anniversaire, un mariage, ou pour tout autre \u00e9v\u00e9nement ...\" \/>\n<meta name=\"robots\" content=\"index, follow, max-snippet:-1, max-image-preview:large, max-video-preview:-1\" \/>\n<link rel=\"canonical\" href=\"https:\/\/lacabanedanslesvignes.com\/index.php\/locations-evenements-prives\/\" \/>\n<meta property=\"og:locale\" content=\"fr_FR\" \/>\n<meta property=\"og:type\" content=\"article\" \/>\n<meta property=\"og:title\" content=\"Locations pour \u00e9v\u00e9nements - La Cabane dans les Vignes\" \/>\n<meta property=\"og:description\" content=\"Envie de marquer un jour important de votre vie en le vivant dans un endroit unique? Vous cherchez une salle unique pour organiser un s\u00e9minaire ou une journ\u00e9e de travail? Louez la Cabane pour la journ\u00e9e, une soir\u00e9e, pour un anniversaire, un mariage, ou pour tout autre \u00e9v\u00e9nement ...\" \/>\n<meta property=\"og:url\" content=\"https:\/\/lacabanedanslesvignes.com\/index.php\/locations-evenements-prives\/\" \/>\n<meta property=\"og:site_name\" content=\"La Cabane dans les Vignes\" \/>\n<meta property=\"article:publisher\" content=\"https:\/\/www.facebook.com\/La-Cabane-dans-les-Vignes-1509297212706267\/\" \/>\n<meta property=\"article:modified_time\" content=\"2024-05-06T18:06:28+00:00\" \/>\n<meta property=\"og:image\" content=\"http:\/\/lacabanedanslesvignes.com\/wp-content\/uploads\/2019\/04\/IMG_5532-1-1024x768.jpg\" \/>\n<meta name=\"twitter:card\" content=\"summary_large_image\" \/>\n<meta name=\"twitter:label1\" content=\"Dur\u00e9e de lecture estim\u00e9e\" \/>\n\t<meta name=\"twitter:data1\" content=\"1 minute\" \/>\n<script type=\"application\/ld+json\" class=\"yoast-schema-graph\">{\"@context\":\"https:\/\/schema.org\",\"@graph\":[{\"@type\":\"WebPage\",\"@id\":\"https:\/\/lacabanedanslesvignes.com\/index.php\/locations-evenements-prives\/\",\"url\":\"https:\/\/lacabanedanslesvignes.com\/index.php\/locations-evenements-prives\/\",\"name\":\"Locations pour \u00e9v\u00e9nements - La Cabane dans les Vignes\",\"isPartOf\":{\"@id\":\"https:\/\/lacabanedanslesvignes.com\/#website\"},\"primaryImageOfPage\":{\"@id\":\"https:\/\/lacabanedanslesvignes.com\/index.php\/locations-evenements-prives\/#primaryimage\"},\"image\":{\"@id\":\"https:\/\/lacabanedanslesvignes.com\/index.php\/locations-evenements-prives\/#primaryimage\"},\"thumbnailUrl\":\"http:\/\/lacabanedanslesvignes.com\/wp-content\/uploads\/2019\/04\/IMG_5532-1-1024x768.jpg\",\"datePublished\":\"2019-03-29T16:01:26+00:00\",\"dateModified\":\"2024-05-06T18:06:28+00:00\",\"description\":\"Envie de marquer un jour important de votre vie en le vivant dans un endroit unique? Vous cherchez une salle unique pour organiser un s\u00e9minaire ou une journ\u00e9e de travail? Louez la Cabane pour la journ\u00e9e, une soir\u00e9e, pour un anniversaire, un mariage, ou pour tout autre \u00e9v\u00e9nement ...\",\"breadcrumb\":{\"@id\":\"https:\/\/lacabanedanslesvignes.com\/index.php\/locations-evenements-prives\/#breadcrumb\"},\"inLanguage\":\"fr-FR\",\"potentialAction\":[{\"@type\":\"ReadAction\",\"target\":[\"https:\/\/lacabanedanslesvignes.com\/index.php\/locations-evenements-prives\/\"]}]},{\"@type\":\"ImageObject\",\"inLanguage\":\"fr-FR\",\"@id\":\"https:\/\/lacabanedanslesvignes.com\/index.php\/locations-evenements-prives\/#primaryimage\",\"url\":\"https:\/\/lacabanedanslesvignes.com\/wp-content\/uploads\/2019\/04\/IMG_5532-1.jpg\",\"contentUrl\":\"https:\/\/lacabanedanslesvignes.com\/wp-content\/uploads\/2019\/04\/IMG_5532-1.jpg\",\"width\":1600,\"height\":1200},{\"@type\":\"BreadcrumbList\",\"@id\":\"https:\/\/lacabanedanslesvignes.com\/index.php\/locations-evenements-prives\/#breadcrumb\",\"itemListElement\":[{\"@type\":\"ListItem\",\"position\":1,\"name\":\"Accueil\",\"item\":\"https:\/\/lacabanedanslesvignes.com\/\"},{\"@type\":\"ListItem\",\"position\":2,\"name\":\"Locations pour \u00e9v\u00e9nements\"}]},{\"@type\":\"WebSite\",\"@id\":\"https:\/\/lacabanedanslesvignes.com\/#website\",\"url\":\"https:\/\/lacabanedanslesvignes.com\/\",\"name\":\"La Cabane dans les Vignes\",\"description\":\"Cadre exceptionnel \u2013 Bar \u00e0 Vin \u2013 Location \u2013 Ev\u00e9nements priv\u00e9s et professionnels \u2013 au coeur des vignes\",\"publisher\":{\"@id\":\"https:\/\/lacabanedanslesvignes.com\/#organization\"},\"potentialAction\":[{\"@type\":\"SearchAction\",\"target\":{\"@type\":\"EntryPoint\",\"urlTemplate\":\"https:\/\/lacabanedanslesvignes.com\/?s={search_term_string}\"},\"query-input\":\"required name=search_term_string\"}],\"inLanguage\":\"fr-FR\"},{\"@type\":\"Organization\",\"@id\":\"https:\/\/lacabanedanslesvignes.com\/#organization\",\"name\":\"La cabane dans les vignes\",\"url\":\"https:\/\/lacabanedanslesvignes.com\/\",\"logo\":{\"@type\":\"ImageObject\",\"inLanguage\":\"fr-FR\",\"@id\":\"https:\/\/lacabanedanslesvignes.com\/#\/schema\/logo\/image\/\",\"url\":\"https:\/\/lacabanedanslesvignes.com\/wp-content\/uploads\/2019\/03\/LOGO-la-cabane-avec-slogan-e1554299569897.png\",\"contentUrl\":\"https:\/\/lacabanedanslesvignes.com\/wp-content\/uploads\/2019\/03\/LOGO-la-cabane-avec-slogan-e1554299569897.png\",\"width\":300,\"height\":148,\"caption\":\"La cabane dans les vignes\"},\"image\":{\"@id\":\"https:\/\/lacabanedanslesvignes.com\/#\/schema\/logo\/image\/\"},\"sameAs\":[\"https:\/\/www.facebook.com\/La-Cabane-dans-les-Vignes-1509297212706267\/\",\"https:\/\/www.instagram.com\/lacabanedanslesvignes\/\"]}]}<\/script>\n<!-- \/ Yoast SEO plugin. -->","yoast_head_json":{"title":"Locations pour \u00e9v\u00e9nements - La Cabane dans les Vignes","description":"Envie de marquer un jour important de votre vie en le vivant dans un endroit unique? Vous cherchez une salle unique pour organiser un s\u00e9minaire ou une journ\u00e9e de travail? Louez la Cabane pour la journ\u00e9e, une soir\u00e9e, pour un anniversaire, un mariage, ou pour tout autre \u00e9v\u00e9nement ...","robots":{"index":"index","follow":"follow","max-snippet":"max-snippet:-1","max-image-preview":"max-image-preview:large","max-video-preview":"max-video-preview:-1"},"canonical":"https:\/\/lacabanedanslesvignes.com\/index.php\/locations-evenements-prives\/","og_locale":"fr_FR","og_type":"article","og_title":"Locations pour \u00e9v\u00e9nements - La Cabane dans les Vignes","og_description":"Envie de marquer un jour important de votre vie en le vivant dans un endroit unique? Vous cherchez une salle unique pour organiser un s\u00e9minaire ou une journ\u00e9e de travail? Louez la Cabane pour la journ\u00e9e, une soir\u00e9e, pour un anniversaire, un mariage, ou pour tout autre \u00e9v\u00e9nement ...","og_url":"https:\/\/lacabanedanslesvignes.com\/index.php\/locations-evenements-prives\/","og_site_name":"La Cabane dans les Vignes","article_publisher":"https:\/\/www.facebook.com\/La-Cabane-dans-les-Vignes-1509297212706267\/","article_modified_time":"2024-05-06T18:06:28+00:00","og_image":[{"url":"http:\/\/lacabanedanslesvignes.com\/wp-content\/uploads\/2019\/04\/IMG_5532-1-1024x768.jpg"}],"twitter_card":"summary_large_image","twitter_misc":{"Dur\u00e9e de lecture estim\u00e9e":"1 minute"},"schema":{"@context":"https:\/\/schema.org","@graph":[{"@type":"WebPage","@id":"https:\/\/lacabanedanslesvignes.com\/index.php\/locations-evenements-prives\/","url":"https:\/\/lacabanedanslesvignes.com\/index.php\/locations-evenements-prives\/","name":"Locations pour \u00e9v\u00e9nements - La Cabane dans les Vignes","isPartOf":{"@id":"https:\/\/lacabanedanslesvignes.com\/#website"},"primaryImageOfPage":{"@id":"https:\/\/lacabanedanslesvignes.com\/index.php\/locations-evenements-prives\/#primaryimage"},"image":{"@id":"https:\/\/lacabanedanslesvignes.com\/index.php\/locations-evenements-prives\/#primaryimage"},"thumbnailUrl":"http:\/\/lacabanedanslesvignes.com\/wp-content\/uploads\/2019\/04\/IMG_5532-1-1024x768.jpg","datePublished":"2019-03-29T16:01:26+00:00","dateModified":"2024-05-06T18:06:28+00:00","description":"Envie de marquer un jour important de votre vie en le vivant dans un endroit unique? Vous cherchez une salle unique pour organiser un s\u00e9minaire ou une journ\u00e9e de travail? Louez la Cabane pour la journ\u00e9e, une soir\u00e9e, pour un anniversaire, un mariage, ou pour tout autre \u00e9v\u00e9nement ...","breadcrumb":{"@id":"https:\/\/lacabanedanslesvignes.com\/index.php\/locations-evenements-prives\/#breadcrumb"},"inLanguage":"fr-FR","potentialAction":[{"@type":"ReadAction","target":["https:\/\/lacabanedanslesvignes.com\/index.php\/locations-evenements-prives\/"]}]},{"@type":"ImageObject","inLanguage":"fr-FR","@id":"https:\/\/lacabanedanslesvignes.com\/index.php\/locations-evenements-prives\/#primaryimage","url":"https:\/\/lacabanedanslesvignes.com\/wp-content\/uploads\/2019\/04\/IMG_5532-1.jpg","contentUrl":"https:\/\/lacabanedanslesvignes.com\/wp-content\/uploads\/2019\/04\/IMG_5532-1.jpg","width":1600,"height":1200},{"@type":"BreadcrumbList","@id":"https:\/\/lacabanedanslesvignes.com\/index.php\/locations-evenements-prives\/#breadcrumb","itemListElement":[{"@type":"ListItem","position":1,"name":"Accueil","item":"https:\/\/lacabanedanslesvignes.com\/"},{"@type":"ListItem","position":2,"name":"Locations pour \u00e9v\u00e9nements"}]},{"@type":"WebSite","@id":"https:\/\/lacabanedanslesvignes.com\/#website","url":"https:\/\/lacabanedanslesvignes.com\/","name":"La Cabane dans les Vignes","description":"Cadre exceptionnel \u2013 Bar \u00e0 Vin \u2013 Location \u2013 Ev\u00e9nements priv\u00e9s et professionnels \u2013 au coeur des vignes","publisher":{"@id":"https:\/\/lacabanedanslesvignes.com\/#organization"},"potentialAction":[{"@type":"SearchAction","target":{"@type":"EntryPoint","urlTemplate":"https:\/\/lacabanedanslesvignes.com\/?s={search_term_string}"},"query-input":"required name=search_term_string"}],"inLanguage":"fr-FR"},{"@type":"Organization","@id":"https:\/\/lacabanedanslesvignes.com\/#organization","name":"La cabane dans les vignes","url":"https:\/\/lacabanedanslesvignes.com\/","logo":{"@type":"ImageObject","inLanguage":"fr-FR","@id":"https:\/\/lacabanedanslesvignes.com\/#\/schema\/logo\/image\/","url":"https:\/\/lacabanedanslesvignes.com\/wp-content\/uploads\/2019\/03\/LOGO-la-cabane-avec-slogan-e1554299569897.png","contentUrl":"https:\/\/lacabanedanslesvignes.com\/wp-content\/uploads\/2019\/03\/LOGO-la-cabane-avec-slogan-e1554299569897.png","width":300,"height":148,"caption":"La cabane dans les vignes"},"image":{"@id":"https:\/\/lacabanedanslesvignes.com\/#\/schema\/logo\/image\/"},"sameAs":["https:\/\/www.facebook.com\/La-Cabane-dans-les-Vignes-1509297212706267\/","https:\/\/www.instagram.com\/lacabanedanslesvignes\/"]}]}},"_links":{"self":[{"href":"https:\/\/lacabanedanslesvignes.com\/index.php\/wp-json\/wp\/v2\/pages\/2"}],"collection":[{"href":"https:\/\/lacabanedanslesvignes.com\/index.php\/wp-json\/wp\/v2\/pages"}],"about":[{"href":"https:\/\/lacabanedanslesvignes.com\/index.php\/wp-json\/wp\/v2\/types\/page"}],"author":[{"embeddable":true,"href":"https:\/\/lacabanedanslesvignes.com\/index.php\/wp-json\/wp\/v2\/users\/1"}],"replies":[{"embeddable":true,"href":"https:\/\/lacabanedanslesvignes.com\/index.php\/wp-json\/wp\/v2\/comments?post=2"}],"version-history":[{"count":11,"href":"https:\/\/lacabanedanslesvignes.com\/index.php\/wp-json\/wp\/v2\/pages\/2\/revisions"}],"predecessor-version":[{"id":1173,"href":"https:\/\/lacabanedanslesvignes.com\/index.php\/wp-json\/wp\/v2\/pages\/2\/revisions\/1173"}],"wp:attachment":[{"href":"https:\/\/lacabanedanslesvignes.com\/index.php\/wp-json\/wp\/v2\/media?parent=2"}],"curies":[{"name":"wp","href":"https:\/\/api.w.org\/{rel}","templated":true}]}}